{"id":13243,"date":"2022-05-05T15:55:45","date_gmt":"2022-05-05T14:55:45","guid":{"rendered":"https:\/\/www.masdelagalinette.com\/mentions-legales\/"},"modified":"2022-05-05T16:13:16","modified_gmt":"2022-05-05T15:13:16","slug":"mentions-legales","status":"publish","type":"page","link":"https:\/\/www.masdelagalinette.com\/en\/mentions-legales\/","title":{"rendered":"Legal notice"},"content":{"rendered":"\t\t<div data-elementor-type=\"wp-page\" data-elementor-id=\"13243\" class=\"elementor elementor-13243 elementor-13230\">\n\t\t\t\t\t\t<div class=\"elementor-inner\">\n\t\t\t\t<div class=\"elementor-section-wrap\">\n\t\t\t\t\t\t\t\t\t<section class=\"elementor-section elementor-top-section elementor-element elementor-element-a41fbf0 elementor-section-boxed elementor-section-height-default elementor-section-height-default\" data-id=\"a41fbf0\" data-element_type=\"section\">\n\t\t\t\t\t\t<div class=\"elementor-container elementor-column-gap-default\">\n\t\t\t\t\t\t\t<div class=\"elementor-row\">\n\t\t\t\t\t<div class=\"elementor-column elementor-col-100 elementor-top-column elementor-element elementor-element-b723240\" data-id=\"b723240\" data-element_type=\"column\" data-settings=\"{&quot;background_background&quot;:&quot;classic&quot;}\">\n\t\t\t<div class=\"elementor-column-wrap elementor-element-populated\">\n\t\t\t\t\t\t\t<div class=\"elementor-widget-wrap\">\n\t\t\t\t\t\t<section class=\"elementor-section elementor-inner-section elementor-element elementor-element-b6f55b4 elementor-section-boxed elementor-section-height-default elementor-section-height-default\" data-id=\"b6f55b4\" data-element_type=\"section\">\n\t\t\t\t\t\t<div class=\"elementor-container elementor-column-gap-default\">\n\t\t\t\t\t\t\t<div class=\"elementor-row\">\n\t\t\t\t\t<div class=\"elementor-column elementor-col-100 elementor-inner-column elementor-element elementor-element-9cdbfb3\" data-id=\"9cdbfb3\" data-element_type=\"column\">\n\t\t\t<div class=\"elementor-column-wrap elementor-element-populated\">\n\t\t\t\t\t\t\t<div class=\"elementor-widget-wrap\">\n\t\t\t\t\t\t<div class=\"elementor-element elementor-element-a071971 uael-heading-align-center uael-mobile-heading-align-center elementor-widget elementor-widget-uael-advanced-heading\" data-id=\"a071971\" data-element_type=\"widget\" data-widget_type=\"uael-advanced-heading.default\">\n\t\t\t\t<div class=\"elementor-widget-container\">\n\t\t\t\r\n\t\t<div class=\"uael-module-content uael-heading-wrapper\">\r\n\t\t\t\t\t\t\r\n\t\t\t<h2 class=\"uael-heading\">\r\n\t\t\t\t\t\t\t\t\t\t<span class=\"uael-heading-text elementor-inline-editing uael-size--default\" data-elementor-setting-key=\"heading_title\" data-elementor-inline-editing-toolbar=\"basic\">Mentions l\u00e9gales<\/span>\r\n\t\t\t\t\t\t\t<\/h2>\r\n\r\n\t\t\t\r\n\t\t\t\t\t\t<div class=\"uael-module-content uael-separator-parent\">\r\n\t\t\t\t\t\t\t\t\t\t\t\t\t<div class=\"uael-separator\"><\/div>\r\n\t\t\t\t\t\t\t<\/div>\r\n\t\t\t\r\n\t\t\t\r\n\t\t\t\t\t\t<\/div>\r\n\t\t\t\t<\/div>\n\t\t\t\t<\/div>\n\t\t\t\t\t\t<\/div>\n\t\t\t\t\t<\/div>\n\t\t<\/div>\n\t\t\t\t\t\t\t\t<\/div>\n\t\t\t\t\t<\/div>\n\t\t<\/section>\n\t\t\t\t<section class=\"elementor-section elementor-inner-section elementor-element elementor-element-60c032b elementor-section-boxed elementor-section-height-default elementor-section-height-default\" data-id=\"60c032b\" data-element_type=\"section\">\n\t\t\t\t\t\t<div class=\"elementor-container elementor-column-gap-default\">\n\t\t\t\t\t\t\t<div class=\"elementor-row\">\n\t\t\t\t\t<div class=\"elementor-column elementor-col-50 elementor-inner-column elementor-element elementor-element-d5605a2\" data-id=\"d5605a2\" data-element_type=\"column\">\n\t\t\t<div class=\"elementor-column-wrap elementor-element-populated\">\n\t\t\t\t\t\t\t<div class=\"elementor-widget-wrap\">\n\t\t\t\t\t\t<div class=\"elementor-element elementor-element-c29c842 elementor-widget elementor-widget-heading\" data-id=\"c29c842\" data-element_type=\"widget\" data-widget_type=\"heading.default\">\n\t\t\t\t<div class=\"elementor-widget-container\">\n\t\t\t<h2 class=\"elementor-heading-title elementor-size-default\">Identification de l\u2019\u00e9diteur\net de l\u2019h\u00e9bergeur du site<\/h2>\t\t<\/div>\n\t\t\t\t<\/div>\n\t\t\t\t<div class=\"elementor-element elementor-element-4a71945 elementor-widget elementor-widget-text-editor\" data-id=\"4a71945\" data-element_type=\"widget\" data-widget_type=\"text-editor.default\">\n\t\t\t\t<div class=\"elementor-widget-container\">\n\t\t\t\t\t\t\t\t<div class=\"elementor-text-editor elementor-clearfix\">\n\t\t\t\t<p>www.masdelagalinette.com<\/p>\t\t\t\t\t<\/div>\n\t\t\t\t\t\t<\/div>\n\t\t\t\t<\/div>\n\t\t\t\t\t\t<\/div>\n\t\t\t\t\t<\/div>\n\t\t<\/div>\n\t\t\t\t<div class=\"elementor-column elementor-col-50 elementor-inner-column elementor-element elementor-element-b8c16e2\" data-id=\"b8c16e2\" data-element_type=\"column\">\n\t\t\t<div class=\"elementor-column-wrap elementor-element-populated\">\n\t\t\t\t\t\t\t<div class=\"elementor-widget-wrap\">\n\t\t\t\t\t\t<div class=\"elementor-element elementor-element-3d88919 elementor-widget elementor-widget-heading\" data-id=\"3d88919\" data-element_type=\"widget\" data-widget_type=\"heading.default\">\n\t\t\t\t<div class=\"elementor-widget-container\">\n\t\t\t<h2 class=\"elementor-heading-title elementor-size-default\">Directeur de publication<\/h2>\t\t<\/div>\n\t\t\t\t<\/div>\n\t\t\t\t<div class=\"elementor-element elementor-element-7fc43ff elementor-widget elementor-widget-text-editor\" data-id=\"7fc43ff\" data-element_type=\"widget\" data-widget_type=\"text-editor.default\">\n\t\t\t\t<div class=\"elementor-widget-container\">\n\t\t\t\t\t\t\t\t<div class=\"elementor-text-editor elementor-clearfix\">\n\t\t\t\t<p>Mas de la Galinette<br \/>1200 Chemin des Vignasses<br \/>06410 BIOT \u2013 FRANCE<\/p>\t\t\t\t\t<\/div>\n\t\t\t\t\t\t<\/div>\n\t\t\t\t<\/div>\n\t\t\t\t<div class=\"elementor-element elementor-element-5c6dc0c elementor-widget elementor-widget-heading\" data-id=\"5c6dc0c\" data-element_type=\"widget\" data-widget_type=\"heading.default\">\n\t\t\t\t<div class=\"elementor-widget-container\">\n\t\t\t<h2 class=\"elementor-heading-title elementor-size-default\">Directeur de publication<\/h2>\t\t<\/div>\n\t\t\t\t<\/div>\n\t\t\t\t<div class=\"elementor-element elementor-element-33fb697 elementor-widget elementor-widget-text-editor\" data-id=\"33fb697\" data-element_type=\"widget\" data-widget_type=\"text-editor.default\">\n\t\t\t\t<div class=\"elementor-widget-container\">\n\t\t\t\t\t\t\t\t<div class=\"elementor-text-editor elementor-clearfix\">\n\t\t\t\t<p><strong>Titan Datacenters France<\/strong><br \/>1210 Chem. de la Plaine<br \/>06250 Mougins<\/p>\t\t\t\t\t<\/div>\n\t\t\t\t\t\t<\/div>\n\t\t\t\t<\/div>\n\t\t\t\t\t\t<\/div>\n\t\t\t\t\t<\/div>\n\t\t<\/div>\n\t\t\t\t\t\t\t\t<\/div>\n\t\t\t\t\t<\/div>\n\t\t<\/section>\n\t\t\t\t\t\t<\/div>\n\t\t\t\t\t<\/div>\n\t\t<\/div>\n\t\t\t\t\t\t\t\t<\/div>\n\t\t\t\t\t<\/div>\n\t\t<\/section>\n\t\t\t\t<section class=\"elementor-section elementor-top-section elementor-element elementor-element-88eba0a elementor-section-boxed elementor-section-height-default elementor-section-height-default\" data-id=\"88eba0a\" data-element_type=\"section\">\n\t\t\t\t\t\t<div class=\"elementor-container elementor-column-gap-default\">\n\t\t\t\t\t\t\t<div class=\"elementor-row\">\n\t\t\t\t\t<div class=\"elementor-column elementor-col-100 elementor-top-column elementor-element elementor-element-6fcc018\" data-id=\"6fcc018\" data-element_type=\"column\" data-settings=\"{&quot;background_background&quot;:&quot;classic&quot;}\">\n\t\t\t<div class=\"elementor-column-wrap elementor-element-populated\">\n\t\t\t\t\t\t\t<div class=\"elementor-widget-wrap\">\n\t\t\t\t\t\t<section class=\"elementor-section elementor-inner-section elementor-element elementor-element-2c47ef1 elementor-section-boxed elementor-section-height-default elementor-section-height-default\" data-id=\"2c47ef1\" data-element_type=\"section\">\n\t\t\t\t\t\t<div class=\"elementor-container elementor-column-gap-default\">\n\t\t\t\t\t\t\t<div class=\"elementor-row\">\n\t\t\t\t\t<div class=\"elementor-column elementor-col-100 elementor-inner-column elementor-element elementor-element-ecc0e4f\" data-id=\"ecc0e4f\" data-element_type=\"column\">\n\t\t\t<div class=\"elementor-column-wrap elementor-element-populated\">\n\t\t\t\t\t\t\t<div class=\"elementor-widget-wrap\">\n\t\t\t\t\t\t<div class=\"elementor-element elementor-element-e30ebe0 elementor-widget elementor-widget-heading\" data-id=\"e30ebe0\" data-element_type=\"widget\" data-widget_type=\"heading.default\">\n\t\t\t\t<div class=\"elementor-widget-container\">\n\t\t\t<h2 class=\"elementor-heading-title elementor-size-default\">Propri\u00e9t\u00e9 intellectuelle et contrefa\u00e7ons<\/h2>\t\t<\/div>\n\t\t\t\t<\/div>\n\t\t\t\t<div class=\"elementor-element elementor-element-e827419 elementor-widget elementor-widget-text-editor\" data-id=\"e827419\" data-element_type=\"widget\" data-widget_type=\"text-editor.default\">\n\t\t\t\t<div class=\"elementor-widget-container\">\n\t\t\t\t\t\t\t\t<div class=\"elementor-text-editor elementor-clearfix\">\n\t\t\t\t<p>Mas de la Galinette est propri\u00e9taire des droits de propri\u00e9t\u00e9 intellectuelle ou d\u00e9tient les droits d\u2019usage sur tous les \u00e9l\u00e9ments accessibles sur le site, notamment les textes, images, graphismes, logo, ic\u00f4nes, sons, logiciels.<\/p><p>Toute reproduction, repr\u00e9sentation, modification, publication, adaptation de tout ou partie des \u00e9l\u00e9ments du site, quel que soit le moyen ou le proc\u00e9d\u00e9 utilis\u00e9, est interdite, sauf autorisation \u00e9crite pr\u00e9alable de : Mas de la Galinette.<\/p><p>Toute exploitation non autoris\u00e9e du site ou de l\u2019un quelconque des \u00e9l\u00e9ments qu\u2019il contient sera consid\u00e9r\u00e9e comme constitutive d\u2019une contrefa\u00e7on et poursuivie conform\u00e9ment aux dispositions des articles L.335-2 et suivants du Code de Propri\u00e9t\u00e9 Intellectuelle.<\/p>\t\t\t\t\t<\/div>\n\t\t\t\t\t\t<\/div>\n\t\t\t\t<\/div>\n\t\t\t\t\t\t<\/div>\n\t\t\t\t\t<\/div>\n\t\t<\/div>\n\t\t\t\t\t\t\t\t<\/div>\n\t\t\t\t\t<\/div>\n\t\t<\/section>\n\t\t\t\t<section class=\"elementor-section elementor-inner-section elementor-element elementor-element-33d10e8 elementor-section-boxed elementor-section-height-default elementor-section-height-default\" data-id=\"33d10e8\" data-element_type=\"section\">\n\t\t\t\t\t\t<div class=\"elementor-container elementor-column-gap-default\">\n\t\t\t\t\t\t\t<div class=\"elementor-row\">\n\t\t\t\t\t<div class=\"elementor-column elementor-col-100 elementor-inner-column elementor-element elementor-element-2f3ecb0\" data-id=\"2f3ecb0\" data-element_type=\"column\">\n\t\t\t<div class=\"elementor-column-wrap elementor-element-populated\">\n\t\t\t\t\t\t\t<div class=\"elementor-widget-wrap\">\n\t\t\t\t\t\t<div class=\"elementor-element elementor-element-bb08854 elementor-widget elementor-widget-heading\" data-id=\"bb08854\" data-element_type=\"widget\" data-widget_type=\"heading.default\">\n\t\t\t\t<div class=\"elementor-widget-container\">\n\t\t\t<h2 class=\"elementor-heading-title elementor-size-default\">Protection des donn\u00e9es personnelles sur le site<\/h2>\t\t<\/div>\n\t\t\t\t<\/div>\n\t\t\t\t<div class=\"elementor-element elementor-element-72848fc elementor-widget elementor-widget-text-editor\" data-id=\"72848fc\" data-element_type=\"widget\" data-widget_type=\"text-editor.default\">\n\t\t\t\t<div class=\"elementor-widget-container\">\n\t\t\t\t\t\t\t\t<div class=\"elementor-text-editor elementor-clearfix\">\n\t\t\t\t<p>En France, les donn\u00e9es personnelles sont notamment prot\u00e9g\u00e9es par la loi n\u00b0 78-87 du 6 janvier 1978, la loi n\u00b0 2004-801 du 6 ao\u00fbt 2004, l\u2019article L. 226-13 du Code p\u00e9nal et la Directive Europ\u00e9enne du 24 octobre 1995.<\/p><p>A l\u2019occasion de l\u2019utilisation du site www.masdelagalinette.com, peuvent \u00eatres recueillies : l\u2019URL des liens par l\u2019interm\u00e9diaire desquels l\u2019utilisateur a acc\u00e9d\u00e9 au site www.masdelagalinette.com, le fournisseur d\u2019acc\u00e8s de l\u2019utilisateur, l\u2019adresse de protocole Internet (IP) de l\u2019utilisateur.<\/p><p>En tout \u00e9tat de cause Mas de la Galinette ne collecte des informations personnelles relatives \u00e0 l\u2019utilisateur que pour le besoin de certains services propos\u00e9s par le site www.masdelagalinette.com . L\u2019utilisateur fournit ces informations en toute connaissance de cause, notamment lorsqu\u2019il proc\u00e8de par lui-m\u00eame \u00e0 leur saisie. Il est alors pr\u00e9cis\u00e9 \u00e0 l\u2019utilisateur du site www.masdelagalinette.com l\u2019obligation ou non de fournir ces informations.<\/p><p>Conform\u00e9ment aux dispositions des articles 38 et suivants de la loi 78-17 du 6 janvier 1978 relative \u00e0 l\u2019informatique, aux fichiers et aux libert\u00e9s, tout utilisateur dispose d\u2019un droit d\u2019acc\u00e8s, de rectification et d\u2019opposition aux donn\u00e9es personnelles le concernant, en effectuant sa demande \u00e9crite et sign\u00e9e, accompagn\u00e9e d\u2019une copie du titre d\u2019identit\u00e9 avec signature du titulaire de la pi\u00e8ce, en pr\u00e9cisant l\u2019adresse \u00e0 laquelle la r\u00e9ponse doit \u00eatre envoy\u00e9e.<\/p><p>Aucune information personnelle de l\u2019utilisateur du site www.masdelagalinette.com n\u2019est publi\u00e9e \u00e0 l\u2019insu de l\u2019utilisateur, \u00e9chang\u00e9e, transf\u00e9r\u00e9e, c\u00e9d\u00e9e ou vendue sur un support quelconque \u00e0 des tiers. Seule l\u2019hypoth\u00e8se du rachat de Mas de la Galinette et de ses droits permettrait la transmission des dites informations \u00e0 l\u2019\u00e9ventuel acqu\u00e9reur qui serait \u00e0 son tour tenu de la m\u00eame obligation de conservation et de modification des donn\u00e9es vis \u00e0 vis de l\u2019utilisateur du site www.masdelagalinette.com.<\/p><p>Le site susnomm\u00e9 est d\u00e9clar\u00e9 \u00e0 la CNIL sous le num\u00e9ro 1553381.<\/p><p>Les bases de donn\u00e9es sont prot\u00e9g\u00e9es par les dispositions de la loi du 1er juillet 1998 transposant la directive 96\/9 du 11 mars 1996 relative \u00e0 la protection juridique des bases de donn\u00e9es.<\/p>\t\t\t\t\t<\/div>\n\t\t\t\t\t\t<\/div>\n\t\t\t\t<\/div>\n\t\t\t\t\t\t<\/div>\n\t\t\t\t\t<\/div>\n\t\t<\/div>\n\t\t\t\t\t\t\t\t<\/div>\n\t\t\t\t\t<\/div>\n\t\t<\/section>\n\t\t\t\t<section class=\"elementor-section elementor-inner-section elementor-element elementor-element-fe243a2 elementor-section-boxed elementor-section-height-default elementor-section-height-default\" data-id=\"fe243a2\" data-element_type=\"section\">\n\t\t\t\t\t\t<div class=\"elementor-container elementor-column-gap-default\">\n\t\t\t\t\t\t\t<div class=\"elementor-row\">\n\t\t\t\t\t<div class=\"elementor-column elementor-col-100 elementor-inner-column elementor-element elementor-element-a7228f8\" data-id=\"a7228f8\" data-element_type=\"column\">\n\t\t\t<div class=\"elementor-column-wrap elementor-element-populated\">\n\t\t\t\t\t\t\t<div class=\"elementor-widget-wrap\">\n\t\t\t\t\t\t<div class=\"elementor-element elementor-element-18c9ce8 elementor-widget elementor-widget-heading\" data-id=\"18c9ce8\" data-element_type=\"widget\" data-widget_type=\"heading.default\">\n\t\t\t\t<div class=\"elementor-widget-container\">\n\t\t\t<h2 class=\"elementor-heading-title elementor-size-default\">Liens hypertextes et cookies<\/h2>\t\t<\/div>\n\t\t\t\t<\/div>\n\t\t\t\t<div class=\"elementor-element elementor-element-b8d7260 elementor-widget elementor-widget-text-editor\" data-id=\"b8d7260\" data-element_type=\"widget\" data-widget_type=\"text-editor.default\">\n\t\t\t\t<div class=\"elementor-widget-container\">\n\t\t\t\t\t\t\t\t<div class=\"elementor-text-editor elementor-clearfix\">\n\t\t\t\t<p>Le site www.masdelagalinette.com contient un certain nombre de liens hypertextes vers d\u2019autres sites, mis en place avec l\u2019autorisation de www.masdelagalinette.com. Cependant, www.masdelagalinette.com n\u2019a pas la possibilit\u00e9 de v\u00e9rifier le contenu des sites ainsi visit\u00e9s, et n\u2019assumera en cons\u00e9quence aucune responsabilit\u00e9 de ce fait.<\/p><p>La navigation sur le site www.masdelagalinette.com est susceptible de provoquer l\u2019installation de cookie(s) sur l\u2019ordinateur de l\u2019utilisateur. Un cookie est un fichier de petite taille, qui ne permet pas l\u2019identification de l\u2019utilisateur, mais qui enregistre des informations relatives \u00e0 la navigation d\u2019un ordinateur sur un site. Les donn\u00e9es ainsi obtenues visent \u00e0 faciliter la navigation ult\u00e9rieure sur le site, et ont \u00e9galement vocation \u00e0 permettre diverses mesures de fr\u00e9quentation.<\/p><p>Le refus d\u2019installation d\u2019un cookie peut entra\u00eener l\u2019impossibilit\u00e9 d\u2019acc\u00e9der \u00e0 certains services. L\u2019utilisateur peut toutefois configurer son ordinateur de la mani\u00e8re suivante, pour refuser l\u2019installation des cookies :<\/p><p>Internet Explorer : onglet outil (pictogramme en forme de rouage en haut a droite) \/ options internet. Cliquez sur Confidentialit\u00e9 et choisissez Bloquer tous les cookies. Validez sur Ok.<\/p><p>Firefox : en haut de la fen\u00eatre du navigateur, cliquez sur le bouton Firefox, puis aller dans l\u2019onglet Options. Cliquer sur l\u2019onglet Vie priv\u00e9e.<br \/>Param\u00e9trez les R\u00e8gles de conservation sur : utiliser les param\u00e8tres personnalis\u00e9s pour l\u2019historique. Enfin d\u00e9cochez-la pour d\u00e9sactiver les cookies.<\/p><p>Safari : Cliquez en haut \u00e0 droite du navigateur sur le pictogramme de menu (symbolis\u00e9 par un rouage). S\u00e9lectionnez Param\u00e8tres. Cliquez sur Afficher les param\u00e8tres avanc\u00e9s. Dans la section \u00ab Confidentialit\u00e9 \u00bb, cliquez sur Param\u00e8tres de contenu. Dans la section \u00ab Cookies \u00bb, vous pouvez bloquer les cookies.<\/p><p>Chrome : Cliquez en haut \u00e0 droite du navigateur sur le pictogramme de menu (symbolis\u00e9 par trois lignes horizontales). S\u00e9lectionnez Param\u00e8tres. Cliquez sur Afficher les param\u00e8tres avanc\u00e9s. Dans la section \u00ab Confidentialit\u00e9 \u00bb, cliquez sur pr\u00e9f\u00e9rences. Dans l\u2019onglet \u00ab Confidentialit\u00e9 \u00bb, vous pouvez bloquer les cookies.<\/p>\t\t\t\t\t<\/div>\n\t\t\t\t\t\t<\/div>\n\t\t\t\t<\/div>\n\t\t\t\t\t\t<\/div>\n\t\t\t\t\t<\/div>\n\t\t<\/div>\n\t\t\t\t\t\t\t\t<\/div>\n\t\t\t\t\t<\/div>\n\t\t<\/section>\n\t\t\t\t<section class=\"elementor-section elementor-inner-section elementor-element elementor-element-a5600b4 elementor-section-boxed elementor-section-height-default elementor-section-height-default\" data-id=\"a5600b4\" data-element_type=\"section\">\n\t\t\t\t\t\t<div class=\"elementor-container elementor-column-gap-default\">\n\t\t\t\t\t\t\t<div class=\"elementor-row\">\n\t\t\t\t\t<div class=\"elementor-column elementor-col-100 elementor-inner-column elementor-element elementor-element-8674513\" data-id=\"8674513\" data-element_type=\"column\">\n\t\t\t<div class=\"elementor-column-wrap elementor-element-populated\">\n\t\t\t\t\t\t\t<div class=\"elementor-widget-wrap\">\n\t\t\t\t\t\t<div class=\"elementor-element elementor-element-f5804da elementor-widget elementor-widget-heading\" data-id=\"f5804da\" data-element_type=\"widget\" data-widget_type=\"heading.default\">\n\t\t\t\t<div class=\"elementor-widget-container\">\n\t\t\t<h2 class=\"elementor-heading-title elementor-size-default\">R\u00e9alisation du site internet<\/h2>\t\t<\/div>\n\t\t\t\t<\/div>\n\t\t\t\t<div class=\"elementor-element elementor-element-dea7715 elementor-widget elementor-widget-text-editor\" data-id=\"dea7715\" data-element_type=\"widget\" data-widget_type=\"text-editor.default\">\n\t\t\t\t<div class=\"elementor-widget-container\">\n\t\t\t\t\t\t\t\t<div class=\"elementor-text-editor elementor-clearfix\">\n\t\t\t\t<p>Diferance Collectif<br \/>www.diferance.com<\/p>\t\t\t\t\t<\/div>\n\t\t\t\t\t\t<\/div>\n\t\t\t\t<\/div>\n\t\t\t\t\t\t<\/div>\n\t\t\t\t\t<\/div>\n\t\t<\/div>\n\t\t\t\t\t\t\t\t<\/div>\n\t\t\t\t\t<\/div>\n\t\t<\/section>\n\t\t\t\t\t\t<\/div>\n\t\t\t\t\t<\/div>\n\t\t<\/div>\n\t\t\t\t\t\t\t\t<\/div>\n\t\t\t\t\t<\/div>\n\t\t<\/section>\n\t\t\t\t\t\t\t\t\t<\/div>\n\t\t\t<\/div>\n\t\t\t\t\t<\/div>\n\t\t","protected":false},"excerpt":{"rendered":"<p>Mentions l\u00e9gales Identification de l\u2019\u00e9diteur et de l\u2019h\u00e9bergeur du site www.masdelagalinette.com Directeur de publication Mas de la Galinette 1200 Chemin des Vignasses 06410 BIOT \u2013 FRANCE Directeur de publication Titan Datacenters France 1210 Chem. de la Plaine 06250 Mougins Propri\u00e9t\u00e9 intellectuelle et contrefa\u00e7ons Mas de la Galinette est propri\u00e9taire des droits de propri\u00e9t\u00e9 intellectuelle ou [&hellip;]<\/p>\n","protected":false},"author":4,"featured_media":0,"parent":0,"menu_order":0,"comment_status":"closed","ping_status":"closed","template":"","meta":[],"yoast_head":"<!-- This site is optimized with the Yoast SEO plugin v20.8 - https:\/\/yoast.com\/wordpress\/plugins\/seo\/ -->\n<title>Legal notice - Mas de la Galinette<\/title>\n<meta name=\"robots\" content=\"index, follow, max-snippet:-1, max-image-preview:large, max-video-preview:-1\" \/>\n<link rel=\"canonical\" href=\"https:\/\/www.masdelagalinette.com\/en\/mentions-legales\/\" \/>\n<meta property=\"og:locale\" content=\"en_US\" \/>\n<meta property=\"og:type\" content=\"article\" \/>\n<meta property=\"og:title\" content=\"Legal notice - Mas de la Galinette\" \/>\n<meta property=\"og:description\" content=\"Mentions l\u00e9gales Identification de l\u2019\u00e9diteur et de l\u2019h\u00e9bergeur du site www.masdelagalinette.com Directeur de publication Mas de la Galinette 1200 Chemin des Vignasses 06410 BIOT \u2013 FRANCE Directeur de publication Titan Datacenters France 1210 Chem. de la Plaine 06250 Mougins Propri\u00e9t\u00e9 intellectuelle et contrefa\u00e7ons Mas de la Galinette est propri\u00e9taire des droits de propri\u00e9t\u00e9 intellectuelle ou [&hellip;]\" \/>\n<meta property=\"og:url\" content=\"https:\/\/www.masdelagalinette.com\/en\/mentions-legales\/\" \/>\n<meta property=\"og:site_name\" content=\"Mas de la Galinette\" \/>\n<meta property=\"article:modified_time\" content=\"2022-05-05T15:13:16+00:00\" \/>\n<meta name=\"twitter:card\" content=\"summary_large_image\" \/>\n<meta name=\"twitter:label1\" content=\"Est. reading time\" \/>\n\t<meta name=\"twitter:data1\" content=\"4 minutes\" \/>\n<script type=\"application\/ld+json\" class=\"yoast-schema-graph\">{\"@context\":\"https:\/\/schema.org\",\"@graph\":[{\"@type\":\"WebPage\",\"@id\":\"https:\/\/www.masdelagalinette.com\/en\/mentions-legales\/\",\"url\":\"https:\/\/www.masdelagalinette.com\/en\/mentions-legales\/\",\"name\":\"Legal notice - Mas de la Galinette\",\"isPartOf\":{\"@id\":\"https:\/\/www.masdelagalinette.com\/#website\"},\"datePublished\":\"2022-05-05T14:55:45+00:00\",\"dateModified\":\"2022-05-05T15:13:16+00:00\",\"breadcrumb\":{\"@id\":\"https:\/\/www.masdelagalinette.com\/en\/mentions-legales\/#breadcrumb\"},\"inLanguage\":\"en-US\",\"potentialAction\":[{\"@type\":\"ReadAction\",\"target\":[\"https:\/\/www.masdelagalinette.com\/en\/mentions-legales\/\"]}]},{\"@type\":\"BreadcrumbList\",\"@id\":\"https:\/\/www.masdelagalinette.com\/en\/mentions-legales\/#breadcrumb\",\"itemListElement\":[{\"@type\":\"ListItem\",\"position\":1,\"name\":\"Accueil\",\"item\":\"https:\/\/www.masdelagalinette.com\/en\/\"},{\"@type\":\"ListItem\",\"position\":2,\"name\":\"Legal notice\"}]},{\"@type\":\"WebSite\",\"@id\":\"https:\/\/www.masdelagalinette.com\/#website\",\"url\":\"https:\/\/www.masdelagalinette.com\/\",\"name\":\"Mas de la Galinette\",\"description\":\"Mas de la Galinette \u00e0 Biot, trois maisons d&#039;exception\",\"potentialAction\":[{\"@type\":\"SearchAction\",\"target\":{\"@type\":\"EntryPoint\",\"urlTemplate\":\"https:\/\/www.masdelagalinette.com\/?s={search_term_string}\"},\"query-input\":\"required name=search_term_string\"}],\"inLanguage\":\"en-US\"}]}<\/script>\n<!-- \/ Yoast SEO plugin. -->","yoast_head_json":{"title":"Legal notice - Mas de la Galinette","robots":{"index":"index","follow":"follow","max-snippet":"max-snippet:-1","max-image-preview":"max-image-preview:large","max-video-preview":"max-video-preview:-1"},"canonical":"https:\/\/www.masdelagalinette.com\/en\/mentions-legales\/","og_locale":"en_US","og_type":"article","og_title":"Legal notice - Mas de la Galinette","og_description":"Mentions l\u00e9gales Identification de l\u2019\u00e9diteur et de l\u2019h\u00e9bergeur du site www.masdelagalinette.com Directeur de publication Mas de la Galinette 1200 Chemin des Vignasses 06410 BIOT \u2013 FRANCE Directeur de publication Titan Datacenters France 1210 Chem. de la Plaine 06250 Mougins Propri\u00e9t\u00e9 intellectuelle et contrefa\u00e7ons Mas de la Galinette est propri\u00e9taire des droits de propri\u00e9t\u00e9 intellectuelle ou [&hellip;]","og_url":"https:\/\/www.masdelagalinette.com\/en\/mentions-legales\/","og_site_name":"Mas de la Galinette","article_modified_time":"2022-05-05T15:13:16+00:00","twitter_card":"summary_large_image","twitter_misc":{"Est. reading time":"4 minutes"},"schema":{"@context":"https:\/\/schema.org","@graph":[{"@type":"WebPage","@id":"https:\/\/www.masdelagalinette.com\/en\/mentions-legales\/","url":"https:\/\/www.masdelagalinette.com\/en\/mentions-legales\/","name":"Legal notice - Mas de la Galinette","isPartOf":{"@id":"https:\/\/www.masdelagalinette.com\/#website"},"datePublished":"2022-05-05T14:55:45+00:00","dateModified":"2022-05-05T15:13:16+00:00","breadcrumb":{"@id":"https:\/\/www.masdelagalinette.com\/en\/mentions-legales\/#breadcrumb"},"inLanguage":"en-US","potentialAction":[{"@type":"ReadAction","target":["https:\/\/www.masdelagalinette.com\/en\/mentions-legales\/"]}]},{"@type":"BreadcrumbList","@id":"https:\/\/www.masdelagalinette.com\/en\/mentions-legales\/#breadcrumb","itemListElement":[{"@type":"ListItem","position":1,"name":"Accueil","item":"https:\/\/www.masdelagalinette.com\/en\/"},{"@type":"ListItem","position":2,"name":"Legal notice"}]},{"@type":"WebSite","@id":"https:\/\/www.masdelagalinette.com\/#website","url":"https:\/\/www.masdelagalinette.com\/","name":"Mas de la Galinette","description":"Mas de la Galinette \u00e0 Biot, trois maisons d&#039;exception","potentialAction":[{"@type":"SearchAction","target":{"@type":"EntryPoint","urlTemplate":"https:\/\/www.masdelagalinette.com\/?s={search_term_string}"},"query-input":"required name=search_term_string"}],"inLanguage":"en-US"}]}},"_links":{"self":[{"href":"https:\/\/www.masdelagalinette.com\/en\/wp-json\/wp\/v2\/pages\/13243"}],"collection":[{"href":"https:\/\/www.masdelagalinette.com\/en\/wp-json\/wp\/v2\/pages"}],"about":[{"href":"https:\/\/www.masdelagalinette.com\/en\/wp-json\/wp\/v2\/types\/page"}],"author":[{"embeddable":true,"href":"https:\/\/www.masdelagalinette.com\/en\/wp-json\/wp\/v2\/users\/4"}],"replies":[{"embeddable":true,"href":"https:\/\/www.masdelagalinette.com\/en\/wp-json\/wp\/v2\/comments?post=13243"}],"version-history":[{"count":0,"href":"https:\/\/www.masdelagalinette.com\/en\/wp-json\/wp\/v2\/pages\/13243\/revisions"}],"wp:attachment":[{"href":"https:\/\/www.masdelagalinette.com\/en\/wp-json\/wp\/v2\/media?parent=13243"}],"curies":[{"name":"wp","href":"https:\/\/api.w.org\/{rel}","templated":true}]}}